{"id":88,"date":"2025-04-15T12:12:04","date_gmt":"2025-04-15T12:12:04","guid":{"rendered":"https:\/\/mastichorse.213-249-69-234.plesk.page\/?post_type=product&#038;p=88"},"modified":"2026-04-03T18:12:22","modified_gmt":"2026-04-03T16:12:22","slug":"mastic-horse-treatment-250-gram","status":"publish","type":"product","link":"https:\/\/mastichorse.nl\/fr\/produit\/mastic-horse-treatment-250-gram\/","title":{"rendered":"Mastic Horse Treatment\u00ae 250 grammes"},"content":{"rendered":"<p>Le suppl\u00e9ment Mastic Horse est compos\u00e9 d'ingr\u00e9dients naturels. Vous pouvez facilement m\u00e9langer la poudre aux morceaux, au muesli ou mieux encore au slop. Nous recommandons toutefois de le donner au cheval juste avant l'heure du repas.<\/p>\n<p>Le contenu de la jarre est <strong>250 grammes<\/strong> et avec un <strong>dose moyenne de 3 grammes par jour<\/strong> suffisante pour un tel <strong>12 semaines d'application quotidienne<\/strong>. Pour des r\u00e9sultats optimaux et une bonne acidit\u00e9 de l'estomac, il est recommand\u00e9 d'administrer le suppl\u00e9ment pendant 4 \u00e0 6 semaines. En cas de sympt\u00f4mes \u00e9vidents, nous recommandons de donner 5 \u00e0 7 grammes pendant les cinq premiers jours, puis de passer \u00e0 3 grammes par jour. Cependant, nous recommandons toujours de consulter le v\u00e9t\u00e9rinaire en cas de sympt\u00f4mes \u00e9vidents. En outre, le suppl\u00e9ment peut \u00e9galement \u00eatre administr\u00e9 dans des situations stressantes, telles que le transport ou les comp\u00e9titions. Chaque commande est accompagn\u00e9e d'une cuill\u00e8re \u00e0 mesurer permettant de doser exactement 3 grammes. Ne d\u00e9passez pas le dosage indiqu\u00e9.<\/p>\n<p>Il est pr\u00e9f\u00e9rable de garder le suppl\u00e9ment au frais, sinon la r\u00e9sine devient collante et des grumeaux peuvent se former. Dans ce cas, il suffit de mettre la poudre au r\u00e9frig\u00e9rateur pendant un certain temps, puis de d\u00e9tacher les grumeaux \u00e0 l'aide d'une fourchette.<\/p>\n<p>Composition : 60% Mastic de Chios et 39% Inuline, 1% Dioxyde de Silicium<\/p>\n<p><strong>Sans dopage<br \/>\n<\/strong>Nos produits ne contiennent aucun ingr\u00e9dient figurant sur la liste des substances interdites pour les chevaux de la FEI (2021).<\/p>\n<p>&nbsp;<\/p>","protected":false},"excerpt":{"rendered":"<p>Compl\u00e9ment alimentaire naturel pour chevaux compos\u00e9 d'ingr\u00e9dients naturels : mastic de Chios et inuline. Prot\u00e8ge la paroi de l'estomac et favorise une bonne digestion.<\/p>\n<p><img decoding=\"async\" class=\"alignnone wp-image-1155\" src=\"https:\/\/mastichorse.nl\/wp-content\/uploads\/2025\/05\/vinkje.webp\" alt=\"\" width=\"18\" height=\"18\" data-wp-editing=\"1\" \/>pour une bonne flore intestinale<br \/>\n<img decoding=\"async\" class=\"alignnone wp-image-1155\" src=\"https:\/\/mastichorse.nl\/wp-content\/uploads\/2025\/05\/vinkje.webp\" alt=\"\" width=\"18\" height=\"18\" \/>favorise le maintien d'une acidit\u00e9 normale<br \/>\n<img decoding=\"async\" class=\"alignnone wp-image-1155\" src=\"https:\/\/mastichorse.nl\/wp-content\/uploads\/2025\/05\/vinkje.webp\" alt=\"\" width=\"18\" height=\"18\" \/>pour une protection naturelle de la muqueuse de l'estomac<br \/>\n<img decoding=\"async\" class=\"alignnone wp-image-1155\" src=\"https:\/\/mastichorse.nl\/wp-content\/uploads\/2025\/05\/vinkje.webp\" alt=\"\" width=\"18\" height=\"18\" \/>sans dopage<\/p>","protected":false},"featured_media":359,"comment_status":"closed","ping_status":"closed","template":"","meta":[],"product_brand":[],"product_cat":[19,18],"product_tag":[],"class_list":{"0":"post-88","1":"product","2":"type-product","3":"status-publish","4":"has-post-thumbnail","6":"product_cat-potjes","7":"product_cat-producten","9":"first","10":"instock","11":"taxable","12":"shipping-taxable","13":"purchasable","14":"product-type-simple"},"yoast_head":"<!-- This site is optimized with the Yoast SEO plugin v27.2 - https:\/\/yoast.com\/product\/yoast-seo-wordpress\/ -->\n<title>Mastic Horse Treatment\u00ae 250 gram - 100% natuurlijk<\/title>\n<meta name=\"description\" content=\"Natuurlijk voedingssupplement voor paarden met de ingredienten Chios Mastiha en Inuline, beschermt de maagwand en heeft een maag verstevigende invloed.\" \/>\n<meta name=\"robots\" content=\"index, follow, max-snippet:-1, max-image-preview:large, max-video-preview:-1\" \/>\n<link rel=\"canonical\" href=\"https:\/\/mastichorse.nl\/fr\/produit\/mastic-horse-treatment-250-gram\/\" \/>\n<meta property=\"og:locale\" content=\"fr_FR\" \/>\n<meta property=\"og:type\" content=\"article\" \/>\n<meta property=\"og:title\" content=\"Mastic Horse Treatment\u00ae 250 gram - 100% natuurlijk\" \/>\n<meta property=\"og:description\" content=\"Natuurlijk voedingssupplement voor paarden met de ingredienten Chios Mastiha en Inuline, beschermt de maagwand en heeft een maag verstevigende invloed.\" \/>\n<meta property=\"og:url\" content=\"https:\/\/mastichorse.nl\/fr\/produit\/mastic-horse-treatment-250-gram\/\" \/>\n<meta property=\"og:site_name\" content=\"Mastic Horse\" \/>\n<meta property=\"article:modified_time\" content=\"2026-04-03T16:12:22+00:00\" \/>\n<meta property=\"og:image\" content=\"https:\/\/mastichorse.nl\/wp-content\/uploads\/2025\/04\/Mastic_Horse-Treatment-250gram.webp\" \/>\n\t<meta property=\"og:image:width\" content=\"567\" \/>\n\t<meta property=\"og:image:height\" content=\"378\" \/>\n\t<meta property=\"og:image:type\" content=\"image\/webp\" \/>\n<meta name=\"twitter:card\" content=\"summary_large_image\" \/>\n<meta name=\"twitter:label1\" content=\"Dur\u00e9e de lecture estim\u00e9e\" \/>\n\t<meta name=\"twitter:data1\" content=\"2 minutes\" \/>\n<script type=\"application\/ld+json\" class=\"yoast-schema-graph\">{\"@context\":\"https:\/\/schema.org\",\"@graph\":[{\"@type\":\"WebPage\",\"@id\":\"https:\/\/mastichorse.nl\/product\/mastic-horse-treatment-250-gram\/\",\"url\":\"https:\/\/mastichorse.nl\/product\/mastic-horse-treatment-250-gram\/\",\"name\":\"Mastic Horse Treatment\u00ae 250 gram - 100% natuurlijk\",\"isPartOf\":{\"@id\":\"https:\/\/mastichorse.nl\/#website\"},\"primaryImageOfPage\":{\"@id\":\"https:\/\/mastichorse.nl\/product\/mastic-horse-treatment-250-gram\/#primaryimage\"},\"image\":{\"@id\":\"https:\/\/mastichorse.nl\/product\/mastic-horse-treatment-250-gram\/#primaryimage\"},\"thumbnailUrl\":\"https:\/\/mastichorse.nl\/wp-content\/uploads\/2025\/04\/Mastic_Horse-Treatment-250gram.webp\",\"datePublished\":\"2025-04-15T12:12:04+00:00\",\"dateModified\":\"2026-04-03T16:12:22+00:00\",\"description\":\"Natuurlijk voedingssupplement voor paarden met de ingredienten Chios Mastiha en Inuline, beschermt de maagwand en heeft een maag verstevigende invloed.\",\"breadcrumb\":{\"@id\":\"https:\/\/mastichorse.nl\/product\/mastic-horse-treatment-250-gram\/#breadcrumb\"},\"inLanguage\":\"fr-FR\",\"potentialAction\":[{\"@type\":\"ReadAction\",\"target\":[\"https:\/\/mastichorse.nl\/product\/mastic-horse-treatment-250-gram\/\"]}]},{\"@type\":\"ImageObject\",\"inLanguage\":\"fr-FR\",\"@id\":\"https:\/\/mastichorse.nl\/product\/mastic-horse-treatment-250-gram\/#primaryimage\",\"url\":\"https:\/\/mastichorse.nl\/wp-content\/uploads\/2025\/04\/Mastic_Horse-Treatment-250gram.webp\",\"contentUrl\":\"https:\/\/mastichorse.nl\/wp-content\/uploads\/2025\/04\/Mastic_Horse-Treatment-250gram.webp\",\"width\":567,\"height\":378},{\"@type\":\"BreadcrumbList\",\"@id\":\"https:\/\/mastichorse.nl\/product\/mastic-horse-treatment-250-gram\/#breadcrumb\",\"itemListElement\":[{\"@type\":\"ListItem\",\"position\":1,\"name\":\"Home\",\"item\":\"https:\/\/mastichorse.nl\/\"},{\"@type\":\"ListItem\",\"position\":2,\"name\":\"Producten\",\"item\":\"https:\/\/mastichorse.nl\/winkel__trashed\/\"},{\"@type\":\"ListItem\",\"position\":3,\"name\":\"Mastic Horse Treatment\u00ae 250 gram\"}]},{\"@type\":\"WebSite\",\"@id\":\"https:\/\/mastichorse.nl\/#website\",\"url\":\"https:\/\/mastichorse.nl\/\",\"name\":\"Mastic Horse\",\"description\":\"\",\"publisher\":{\"@id\":\"https:\/\/mastichorse.nl\/#organization\"},\"potentialAction\":[{\"@type\":\"SearchAction\",\"target\":{\"@type\":\"EntryPoint\",\"urlTemplate\":\"https:\/\/mastichorse.nl\/?s={search_term_string}\"},\"query-input\":{\"@type\":\"PropertyValueSpecification\",\"valueRequired\":true,\"valueName\":\"search_term_string\"}}],\"inLanguage\":\"fr-FR\"},{\"@type\":\"Organization\",\"@id\":\"https:\/\/mastichorse.nl\/#organization\",\"name\":\"Mastic Horse\",\"url\":\"https:\/\/mastichorse.nl\/\",\"logo\":{\"@type\":\"ImageObject\",\"inLanguage\":\"fr-FR\",\"@id\":\"https:\/\/mastichorse.nl\/#\/schema\/logo\/image\/\",\"url\":\"https:\/\/mastichorse.nl\/wp-content\/uploads\/2025\/04\/Mastic-Horse.webp\",\"contentUrl\":\"https:\/\/mastichorse.nl\/wp-content\/uploads\/2025\/04\/Mastic-Horse.webp\",\"width\":440,\"height\":104,\"caption\":\"Mastic Horse\"},\"image\":{\"@id\":\"https:\/\/mastichorse.nl\/#\/schema\/logo\/image\/\"}}]}<\/script>\n<!-- \/ Yoast SEO plugin. -->","yoast_head_json":{"title":"Mastic Horse Treatment\u00ae 250 gram - 100% natuurlijk","description":"Natuurlijk voedingssupplement voor paarden met de ingredienten Chios Mastiha en Inuline, beschermt de maagwand en heeft een maag verstevigende invloed.","robots":{"index":"index","follow":"follow","max-snippet":"max-snippet:-1","max-image-preview":"max-image-preview:large","max-video-preview":"max-video-preview:-1"},"canonical":"https:\/\/mastichorse.nl\/fr\/produit\/mastic-horse-treatment-250-gram\/","og_locale":"fr_FR","og_type":"article","og_title":"Mastic Horse Treatment\u00ae 250 gram - 100% natuurlijk","og_description":"Natuurlijk voedingssupplement voor paarden met de ingredienten Chios Mastiha en Inuline, beschermt de maagwand en heeft een maag verstevigende invloed.","og_url":"https:\/\/mastichorse.nl\/fr\/produit\/mastic-horse-treatment-250-gram\/","og_site_name":"Mastic Horse","article_modified_time":"2026-04-03T16:12:22+00:00","og_image":[{"width":567,"height":378,"url":"https:\/\/mastichorse.nl\/wp-content\/uploads\/2025\/04\/Mastic_Horse-Treatment-250gram.webp","type":"image\/webp"}],"twitter_card":"summary_large_image","twitter_misc":{"Dur\u00e9e de lecture estim\u00e9e":"2 minutes"},"schema":{"@context":"https:\/\/schema.org","@graph":[{"@type":"WebPage","@id":"https:\/\/mastichorse.nl\/product\/mastic-horse-treatment-250-gram\/","url":"https:\/\/mastichorse.nl\/product\/mastic-horse-treatment-250-gram\/","name":"Mastic Horse Treatment\u00ae 250 gram - 100% natuurlijk","isPartOf":{"@id":"https:\/\/mastichorse.nl\/#website"},"primaryImageOfPage":{"@id":"https:\/\/mastichorse.nl\/product\/mastic-horse-treatment-250-gram\/#primaryimage"},"image":{"@id":"https:\/\/mastichorse.nl\/product\/mastic-horse-treatment-250-gram\/#primaryimage"},"thumbnailUrl":"https:\/\/mastichorse.nl\/wp-content\/uploads\/2025\/04\/Mastic_Horse-Treatment-250gram.webp","datePublished":"2025-04-15T12:12:04+00:00","dateModified":"2026-04-03T16:12:22+00:00","description":"Natuurlijk voedingssupplement voor paarden met de ingredienten Chios Mastiha en Inuline, beschermt de maagwand en heeft een maag verstevigende invloed.","breadcrumb":{"@id":"https:\/\/mastichorse.nl\/product\/mastic-horse-treatment-250-gram\/#breadcrumb"},"inLanguage":"fr-FR","potentialAction":[{"@type":"ReadAction","target":["https:\/\/mastichorse.nl\/product\/mastic-horse-treatment-250-gram\/"]}]},{"@type":"ImageObject","inLanguage":"fr-FR","@id":"https:\/\/mastichorse.nl\/product\/mastic-horse-treatment-250-gram\/#primaryimage","url":"https:\/\/mastichorse.nl\/wp-content\/uploads\/2025\/04\/Mastic_Horse-Treatment-250gram.webp","contentUrl":"https:\/\/mastichorse.nl\/wp-content\/uploads\/2025\/04\/Mastic_Horse-Treatment-250gram.webp","width":567,"height":378},{"@type":"BreadcrumbList","@id":"https:\/\/mastichorse.nl\/product\/mastic-horse-treatment-250-gram\/#breadcrumb","itemListElement":[{"@type":"ListItem","position":1,"name":"Home","item":"https:\/\/mastichorse.nl\/"},{"@type":"ListItem","position":2,"name":"Producten","item":"https:\/\/mastichorse.nl\/winkel__trashed\/"},{"@type":"ListItem","position":3,"name":"Mastic Horse Treatment\u00ae 250 gram"}]},{"@type":"WebSite","@id":"https:\/\/mastichorse.nl\/#website","url":"https:\/\/mastichorse.nl\/","name":"Cheval \u00e0 mastic","description":"","publisher":{"@id":"https:\/\/mastichorse.nl\/#organization"},"potentialAction":[{"@type":"SearchAction","target":{"@type":"EntryPoint","urlTemplate":"https:\/\/mastichorse.nl\/?s={search_term_string}"},"query-input":{"@type":"PropertyValueSpecification","valueRequired":true,"valueName":"search_term_string"}}],"inLanguage":"fr-FR"},{"@type":"Organization","@id":"https:\/\/mastichorse.nl\/#organization","name":"Cheval \u00e0 mastic","url":"https:\/\/mastichorse.nl\/","logo":{"@type":"ImageObject","inLanguage":"fr-FR","@id":"https:\/\/mastichorse.nl\/#\/schema\/logo\/image\/","url":"https:\/\/mastichorse.nl\/wp-content\/uploads\/2025\/04\/Mastic-Horse.webp","contentUrl":"https:\/\/mastichorse.nl\/wp-content\/uploads\/2025\/04\/Mastic-Horse.webp","width":440,"height":104,"caption":"Mastic Horse"},"image":{"@id":"https:\/\/mastichorse.nl\/#\/schema\/logo\/image\/"}}]}},"_links":{"self":[{"href":"https:\/\/mastichorse.nl\/fr\/wp-json\/wp\/v2\/product\/88","targetHints":{"allow":["GET"]}}],"collection":[{"href":"https:\/\/mastichorse.nl\/fr\/wp-json\/wp\/v2\/product"}],"about":[{"href":"https:\/\/mastichorse.nl\/fr\/wp-json\/wp\/v2\/types\/product"}],"replies":[{"embeddable":true,"href":"https:\/\/mastichorse.nl\/fr\/wp-json\/wp\/v2\/comments?post=88"}],"wp:featuredmedia":[{"embeddable":true,"href":"https:\/\/mastichorse.nl\/fr\/wp-json\/wp\/v2\/media\/359"}],"wp:attachment":[{"href":"https:\/\/mastichorse.nl\/fr\/wp-json\/wp\/v2\/media?parent=88"}],"wp:term":[{"taxonomy":"product_brand","embeddable":true,"href":"https:\/\/mastichorse.nl\/fr\/wp-json\/wp\/v2\/product_brand?post=88"},{"taxonomy":"product_cat","embeddable":true,"href":"https:\/\/mastichorse.nl\/fr\/wp-json\/wp\/v2\/product_cat?post=88"},{"taxonomy":"product_tag","embeddable":true,"href":"https:\/\/mastichorse.nl\/fr\/wp-json\/wp\/v2\/product_tag?post=88"}],"curies":[{"name":"wp","href":"https:\/\/api.w.org\/{rel}","templated":true}]}}