{"id":88,"date":"2025-04-15T12:12:04","date_gmt":"2025-04-15T12:12:04","guid":{"rendered":"https:\/\/mastichorse.213-249-69-234.plesk.page\/?post_type=product&#038;p=88"},"modified":"2026-04-03T18:12:22","modified_gmt":"2026-04-03T16:12:22","slug":"mastic-horse-treatment-250-gram","status":"publish","type":"product","link":"https:\/\/mastichorse.nl\/de\/produkt\/mastic-horse-treatment-250-gram\/","title":{"rendered":"Mastix Horse Treatment\u00ae 250 Gramm"},"content":{"rendered":"<p>Das Mastix Horse Erg\u00e4nzungsfuttermittel besteht aus nat\u00fcrlichen Zutaten. Sie k\u00f6nnen das Pulver einfach unter die Brocken, das M\u00fcsli oder noch besser unter den Futterbrei mischen. Wir empfehlen jedoch, es dem Pferd kurz vor der F\u00fctterungszeit zu geben.<\/p>\n<p>Der Inhalt des Gef\u00e4\u00dfes ist <strong>250 Gramm<\/strong> und mit einer <strong>durchschnittliche Dosis von 3 Gramm pro Tag<\/strong> genug f\u00fcr eine solche <strong>12 Wochen t\u00e4gliche Anwendung<\/strong>. F\u00fcr optimale Ergebnisse und einen guten S\u00e4uregehalt des Magens wird empfohlen, das Erg\u00e4nzungsmittel 4-6 Wochen lang zu verabreichen. Bei offensichtlichen Symptomen empfehlen wir, in den ersten f\u00fcnf Tagen 5-7 Gramm zu geben und dann auf 3 Gramm pro Tag zu wechseln. Wir empfehlen jedoch, bei offensichtlichen Symptomen immer den Tierarzt zu konsultieren. Dar\u00fcber hinaus kann das Erg\u00e4nzungsmittel auch in stressigen Situationen, wie z. B. bei Transporten oder Wettk\u00e4mpfen, gegeben werden. Jeder Bestellung liegt ein Messl\u00f6ffel bei, mit dem Sie genau 3 Gramm abmessen k\u00f6nnen. \u00dcberschreiten Sie nicht die angegebene Dosierung.<\/p>\n<p>Es ist am besten, das Pr\u00e4parat k\u00fchl zu halten, da das Harz sonst klebrig wird und sich Klumpen bilden k\u00f6nnen. Sollte das passieren, legen Sie das Pulver einfach f\u00fcr eine Weile in den K\u00fchlschrank und l\u00f6sen Sie die Klumpen mit einer Gabel.<\/p>\n<p>Zusammensetzung: 60% Chios Mastix und 39% Inulin, 1% Siliziumdioxid<\/p>\n<p><strong>Dopingfrei<br \/>\n<\/strong>Unsere Produkte enthalten keine Inhaltsstoffe, die in der FEI Equine Prohibited Substances List 2021 aufgef\u00fchrt sind.<\/p>\n<p>&nbsp;<\/p>","protected":false},"excerpt":{"rendered":"<p>Nat\u00fcrliches Erg\u00e4nzungsfuttermittel f\u00fcr Pferde, bestehend aus den nat\u00fcrlichen Inhaltsstoffen Chios Mastix und Inulin. Sch\u00fctzt die Magenschleimhaut und unterst\u00fctzt die richtige Verdauung.<\/p>\n<p><img decoding=\"async\" class=\"alignnone wp-image-1155\" src=\"https:\/\/mastichorse.nl\/wp-content\/uploads\/2025\/05\/vinkje.webp\" alt=\"\" width=\"18\" height=\"18\" data-wp-editing=\"1\" \/>f\u00fcr eine gute Darmflora<br \/>\n<img decoding=\"async\" class=\"alignnone wp-image-1155\" src=\"https:\/\/mastichorse.nl\/wp-content\/uploads\/2025\/05\/vinkje.webp\" alt=\"\" width=\"18\" height=\"18\" \/>unterst\u00fctzt die Aufrechterhaltung eines normalen S\u00e4uregehalts<br \/>\n<img decoding=\"async\" class=\"alignnone wp-image-1155\" src=\"https:\/\/mastichorse.nl\/wp-content\/uploads\/2025\/05\/vinkje.webp\" alt=\"\" width=\"18\" height=\"18\" \/>zum nat\u00fcrlichen Schutz der Magenschleimhaut<br \/>\n<img decoding=\"async\" class=\"alignnone wp-image-1155\" src=\"https:\/\/mastichorse.nl\/wp-content\/uploads\/2025\/05\/vinkje.webp\" alt=\"\" width=\"18\" height=\"18\" \/>dopingfrei<\/p>","protected":false},"featured_media":359,"comment_status":"closed","ping_status":"closed","template":"","meta":[],"product_brand":[],"product_cat":[19,18],"product_tag":[],"class_list":{"0":"post-88","1":"product","2":"type-product","3":"status-publish","4":"has-post-thumbnail","6":"product_cat-potjes","7":"product_cat-producten","9":"first","10":"instock","11":"taxable","12":"shipping-taxable","13":"purchasable","14":"product-type-simple"},"yoast_head":"<!-- This site is optimized with the Yoast SEO plugin v27.2 - https:\/\/yoast.com\/product\/yoast-seo-wordpress\/ -->\n<title>Mastic Horse Treatment\u00ae 250 gram - 100% natuurlijk<\/title>\n<meta name=\"description\" content=\"Natuurlijk voedingssupplement voor paarden met de ingredienten Chios Mastiha en Inuline, beschermt de maagwand en heeft een maag verstevigende invloed.\" \/>\n<meta name=\"robots\" content=\"index, follow, max-snippet:-1, max-image-preview:large, max-video-preview:-1\" \/>\n<link rel=\"canonical\" href=\"https:\/\/mastichorse.nl\/de\/produkt\/mastic-horse-treatment-250-gram\/\" \/>\n<meta property=\"og:locale\" content=\"de_DE\" \/>\n<meta property=\"og:type\" content=\"article\" \/>\n<meta property=\"og:title\" content=\"Mastic Horse Treatment\u00ae 250 gram - 100% natuurlijk\" \/>\n<meta property=\"og:description\" content=\"Natuurlijk voedingssupplement voor paarden met de ingredienten Chios Mastiha en Inuline, beschermt de maagwand en heeft een maag verstevigende invloed.\" \/>\n<meta property=\"og:url\" content=\"https:\/\/mastichorse.nl\/de\/produkt\/mastic-horse-treatment-250-gram\/\" \/>\n<meta property=\"og:site_name\" content=\"Mastic Horse\" \/>\n<meta property=\"article:modified_time\" content=\"2026-04-03T16:12:22+00:00\" \/>\n<meta property=\"og:image\" content=\"https:\/\/mastichorse.nl\/wp-content\/uploads\/2025\/04\/Mastic_Horse-Treatment-250gram.webp\" \/>\n\t<meta property=\"og:image:width\" content=\"567\" \/>\n\t<meta property=\"og:image:height\" content=\"378\" \/>\n\t<meta property=\"og:image:type\" content=\"image\/webp\" \/>\n<meta name=\"twitter:card\" content=\"summary_large_image\" \/>\n<meta name=\"twitter:label1\" content=\"Gesch\u00e4tzte Lesezeit\" \/>\n\t<meta name=\"twitter:data1\" content=\"2\u00a0Minuten\" \/>\n<script type=\"application\/ld+json\" class=\"yoast-schema-graph\">{\"@context\":\"https:\/\/schema.org\",\"@graph\":[{\"@type\":\"WebPage\",\"@id\":\"https:\/\/mastichorse.nl\/product\/mastic-horse-treatment-250-gram\/\",\"url\":\"https:\/\/mastichorse.nl\/product\/mastic-horse-treatment-250-gram\/\",\"name\":\"Mastic Horse Treatment\u00ae 250 gram - 100% natuurlijk\",\"isPartOf\":{\"@id\":\"https:\/\/mastichorse.nl\/#website\"},\"primaryImageOfPage\":{\"@id\":\"https:\/\/mastichorse.nl\/product\/mastic-horse-treatment-250-gram\/#primaryimage\"},\"image\":{\"@id\":\"https:\/\/mastichorse.nl\/product\/mastic-horse-treatment-250-gram\/#primaryimage\"},\"thumbnailUrl\":\"https:\/\/mastichorse.nl\/wp-content\/uploads\/2025\/04\/Mastic_Horse-Treatment-250gram.webp\",\"datePublished\":\"2025-04-15T12:12:04+00:00\",\"dateModified\":\"2026-04-03T16:12:22+00:00\",\"description\":\"Natuurlijk voedingssupplement voor paarden met de ingredienten Chios Mastiha en Inuline, beschermt de maagwand en heeft een maag verstevigende invloed.\",\"breadcrumb\":{\"@id\":\"https:\/\/mastichorse.nl\/product\/mastic-horse-treatment-250-gram\/#breadcrumb\"},\"inLanguage\":\"de\",\"potentialAction\":[{\"@type\":\"ReadAction\",\"target\":[\"https:\/\/mastichorse.nl\/product\/mastic-horse-treatment-250-gram\/\"]}]},{\"@type\":\"ImageObject\",\"inLanguage\":\"de\",\"@id\":\"https:\/\/mastichorse.nl\/product\/mastic-horse-treatment-250-gram\/#primaryimage\",\"url\":\"https:\/\/mastichorse.nl\/wp-content\/uploads\/2025\/04\/Mastic_Horse-Treatment-250gram.webp\",\"contentUrl\":\"https:\/\/mastichorse.nl\/wp-content\/uploads\/2025\/04\/Mastic_Horse-Treatment-250gram.webp\",\"width\":567,\"height\":378},{\"@type\":\"BreadcrumbList\",\"@id\":\"https:\/\/mastichorse.nl\/product\/mastic-horse-treatment-250-gram\/#breadcrumb\",\"itemListElement\":[{\"@type\":\"ListItem\",\"position\":1,\"name\":\"Home\",\"item\":\"https:\/\/mastichorse.nl\/\"},{\"@type\":\"ListItem\",\"position\":2,\"name\":\"Producten\",\"item\":\"https:\/\/mastichorse.nl\/winkel__trashed\/\"},{\"@type\":\"ListItem\",\"position\":3,\"name\":\"Mastic Horse Treatment\u00ae 250 gram\"}]},{\"@type\":\"WebSite\",\"@id\":\"https:\/\/mastichorse.nl\/#website\",\"url\":\"https:\/\/mastichorse.nl\/\",\"name\":\"Mastic Horse\",\"description\":\"\",\"publisher\":{\"@id\":\"https:\/\/mastichorse.nl\/#organization\"},\"potentialAction\":[{\"@type\":\"SearchAction\",\"target\":{\"@type\":\"EntryPoint\",\"urlTemplate\":\"https:\/\/mastichorse.nl\/?s={search_term_string}\"},\"query-input\":{\"@type\":\"PropertyValueSpecification\",\"valueRequired\":true,\"valueName\":\"search_term_string\"}}],\"inLanguage\":\"de\"},{\"@type\":\"Organization\",\"@id\":\"https:\/\/mastichorse.nl\/#organization\",\"name\":\"Mastic Horse\",\"url\":\"https:\/\/mastichorse.nl\/\",\"logo\":{\"@type\":\"ImageObject\",\"inLanguage\":\"de\",\"@id\":\"https:\/\/mastichorse.nl\/#\/schema\/logo\/image\/\",\"url\":\"https:\/\/mastichorse.nl\/wp-content\/uploads\/2025\/04\/Mastic-Horse.webp\",\"contentUrl\":\"https:\/\/mastichorse.nl\/wp-content\/uploads\/2025\/04\/Mastic-Horse.webp\",\"width\":440,\"height\":104,\"caption\":\"Mastic Horse\"},\"image\":{\"@id\":\"https:\/\/mastichorse.nl\/#\/schema\/logo\/image\/\"}}]}<\/script>\n<!-- \/ Yoast SEO plugin. -->","yoast_head_json":{"title":"Mastic Horse Treatment\u00ae 250 gram - 100% natuurlijk","description":"Natuurlijk voedingssupplement voor paarden met de ingredienten Chios Mastiha en Inuline, beschermt de maagwand en heeft een maag verstevigende invloed.","robots":{"index":"index","follow":"follow","max-snippet":"max-snippet:-1","max-image-preview":"max-image-preview:large","max-video-preview":"max-video-preview:-1"},"canonical":"https:\/\/mastichorse.nl\/de\/produkt\/mastic-horse-treatment-250-gram\/","og_locale":"de_DE","og_type":"article","og_title":"Mastic Horse Treatment\u00ae 250 gram - 100% natuurlijk","og_description":"Natuurlijk voedingssupplement voor paarden met de ingredienten Chios Mastiha en Inuline, beschermt de maagwand en heeft een maag verstevigende invloed.","og_url":"https:\/\/mastichorse.nl\/de\/produkt\/mastic-horse-treatment-250-gram\/","og_site_name":"Mastic Horse","article_modified_time":"2026-04-03T16:12:22+00:00","og_image":[{"width":567,"height":378,"url":"https:\/\/mastichorse.nl\/wp-content\/uploads\/2025\/04\/Mastic_Horse-Treatment-250gram.webp","type":"image\/webp"}],"twitter_card":"summary_large_image","twitter_misc":{"Gesch\u00e4tzte Lesezeit":"2\u00a0Minuten"},"schema":{"@context":"https:\/\/schema.org","@graph":[{"@type":"WebPage","@id":"https:\/\/mastichorse.nl\/product\/mastic-horse-treatment-250-gram\/","url":"https:\/\/mastichorse.nl\/product\/mastic-horse-treatment-250-gram\/","name":"Mastic Horse Treatment\u00ae 250 gram - 100% natuurlijk","isPartOf":{"@id":"https:\/\/mastichorse.nl\/#website"},"primaryImageOfPage":{"@id":"https:\/\/mastichorse.nl\/product\/mastic-horse-treatment-250-gram\/#primaryimage"},"image":{"@id":"https:\/\/mastichorse.nl\/product\/mastic-horse-treatment-250-gram\/#primaryimage"},"thumbnailUrl":"https:\/\/mastichorse.nl\/wp-content\/uploads\/2025\/04\/Mastic_Horse-Treatment-250gram.webp","datePublished":"2025-04-15T12:12:04+00:00","dateModified":"2026-04-03T16:12:22+00:00","description":"Natuurlijk voedingssupplement voor paarden met de ingredienten Chios Mastiha en Inuline, beschermt de maagwand en heeft een maag verstevigende invloed.","breadcrumb":{"@id":"https:\/\/mastichorse.nl\/product\/mastic-horse-treatment-250-gram\/#breadcrumb"},"inLanguage":"de","potentialAction":[{"@type":"ReadAction","target":["https:\/\/mastichorse.nl\/product\/mastic-horse-treatment-250-gram\/"]}]},{"@type":"ImageObject","inLanguage":"de","@id":"https:\/\/mastichorse.nl\/product\/mastic-horse-treatment-250-gram\/#primaryimage","url":"https:\/\/mastichorse.nl\/wp-content\/uploads\/2025\/04\/Mastic_Horse-Treatment-250gram.webp","contentUrl":"https:\/\/mastichorse.nl\/wp-content\/uploads\/2025\/04\/Mastic_Horse-Treatment-250gram.webp","width":567,"height":378},{"@type":"BreadcrumbList","@id":"https:\/\/mastichorse.nl\/product\/mastic-horse-treatment-250-gram\/#breadcrumb","itemListElement":[{"@type":"ListItem","position":1,"name":"Home","item":"https:\/\/mastichorse.nl\/"},{"@type":"ListItem","position":2,"name":"Producten","item":"https:\/\/mastichorse.nl\/winkel__trashed\/"},{"@type":"ListItem","position":3,"name":"Mastic Horse Treatment\u00ae 250 gram"}]},{"@type":"WebSite","@id":"https:\/\/mastichorse.nl\/#website","url":"https:\/\/mastichorse.nl\/","name":"Mastixpferd","description":"","publisher":{"@id":"https:\/\/mastichorse.nl\/#organization"},"potentialAction":[{"@type":"SearchAction","target":{"@type":"EntryPoint","urlTemplate":"https:\/\/mastichorse.nl\/?s={search_term_string}"},"query-input":{"@type":"PropertyValueSpecification","valueRequired":true,"valueName":"search_term_string"}}],"inLanguage":"de"},{"@type":"Organization","@id":"https:\/\/mastichorse.nl\/#organization","name":"Mastixpferd","url":"https:\/\/mastichorse.nl\/","logo":{"@type":"ImageObject","inLanguage":"de","@id":"https:\/\/mastichorse.nl\/#\/schema\/logo\/image\/","url":"https:\/\/mastichorse.nl\/wp-content\/uploads\/2025\/04\/Mastic-Horse.webp","contentUrl":"https:\/\/mastichorse.nl\/wp-content\/uploads\/2025\/04\/Mastic-Horse.webp","width":440,"height":104,"caption":"Mastic Horse"},"image":{"@id":"https:\/\/mastichorse.nl\/#\/schema\/logo\/image\/"}}]}},"_links":{"self":[{"href":"https:\/\/mastichorse.nl\/de\/wp-json\/wp\/v2\/product\/88","targetHints":{"allow":["GET"]}}],"collection":[{"href":"https:\/\/mastichorse.nl\/de\/wp-json\/wp\/v2\/product"}],"about":[{"href":"https:\/\/mastichorse.nl\/de\/wp-json\/wp\/v2\/types\/product"}],"replies":[{"embeddable":true,"href":"https:\/\/mastichorse.nl\/de\/wp-json\/wp\/v2\/comments?post=88"}],"wp:featuredmedia":[{"embeddable":true,"href":"https:\/\/mastichorse.nl\/de\/wp-json\/wp\/v2\/media\/359"}],"wp:attachment":[{"href":"https:\/\/mastichorse.nl\/de\/wp-json\/wp\/v2\/media?parent=88"}],"wp:term":[{"taxonomy":"product_brand","embeddable":true,"href":"https:\/\/mastichorse.nl\/de\/wp-json\/wp\/v2\/product_brand?post=88"},{"taxonomy":"product_cat","embeddable":true,"href":"https:\/\/mastichorse.nl\/de\/wp-json\/wp\/v2\/product_cat?post=88"},{"taxonomy":"product_tag","embeddable":true,"href":"https:\/\/mastichorse.nl\/de\/wp-json\/wp\/v2\/product_tag?post=88"}],"curies":[{"name":"wp","href":"https:\/\/api.w.org\/{rel}","templated":true}]}}