{"id":192,"date":"2025-04-15T13:29:13","date_gmt":"2025-04-15T13:29:13","guid":{"rendered":"https:\/\/mastichorse.213-249-69-234.plesk.page\/?page_id=192"},"modified":"2025-08-05T12:38:52","modified_gmt":"2025-08-05T10:38:52","slug":"bestelproces","status":"publish","type":"page","link":"https:\/\/mastichorse.nl\/de\/bestelproces\/","title":{"rendered":"Bestellvorgang"},"content":{"rendered":"<div data-elementor-type=\"wp-page\" data-elementor-id=\"192\" class=\"elementor elementor-192\" data-elementor-post-type=\"page\">\n\t\t\t\t<div class=\"elementor-element elementor-element-97e6989 e-flex e-con-boxed e-con e-parent\" data-id=\"97e6989\" data-element_type=\"container\" data-e-type=\"container\" data-settings=\"{&quot;background_background&quot;:&quot;gradient&quot;}\">\n\t\t\t\t\t<div class=\"e-con-inner\">\n\t\t<div class=\"elementor-element elementor-element-01596b7 e-con-full e-flex e-con e-child\" data-id=\"01596b7\" data-element_type=\"container\" data-e-type=\"container\" data-settings=\"{&quot;background_background&quot;:&quot;classic&quot;}\">\n\t\t\t\t<div class=\"elementor-element elementor-element-ef88d6f elementor-widget elementor-widget-heading\" data-id=\"ef88d6f\" data-element_type=\"widget\" data-e-type=\"widget\" data-widget_type=\"heading.default\">\n\t\t\t\t<div class=\"elementor-widget-container\">\n\t\t\t\t\t<h2 class=\"elementor-heading-title elementor-size-default\">Bestellung<\/h2>\t\t\t\t<\/div>\n\t\t\t\t<\/div>\n\t\t\t\t<div class=\"elementor-element elementor-element-67411b1 elementor-widget-mobile__width-initial elementor-widget__width-initial elementor-widget elementor-widget-text-editor\" data-id=\"67411b1\" data-element_type=\"widget\" data-e-type=\"widget\" data-widget_type=\"text-editor.default\">\n\t\t\t\t<div class=\"elementor-widget-container\">\n\t\t\t\t\t\t\t\t\t<div class=\"fusion-text fusion-text-1\"><p>Haben Sie 1 oder mehrere Produkte Ihrer Wahl gefunden? Dann k\u00f6nnen Sie sie online bestellen. Klicken Sie auf der Produktseite auf die Schaltfl\u00e4che \"In den Warenkorb\". Sie werden nun in unserem Bestellprozess fortfahren. Nachfolgend finden Sie die Schritte, die Sie befolgen werden.<\/p><\/div>\t\t\t\t\t\t\t\t<\/div>\n\t\t\t\t<\/div>\n\t\t\t\t<\/div>\n\t\t\t\t\t<\/div>\n\t\t\t\t<\/div>\n\t\t<div class=\"elementor-element elementor-element-7b50e15 e-flex e-con-boxed e-con e-parent\" data-id=\"7b50e15\" data-element_type=\"container\" data-e-type=\"container\">\n\t\t\t\t\t<div class=\"e-con-inner\">\n\t\t\t\t<div class=\"elementor-element elementor-element-154700b elementor-widget__width-initial elementor-widget elementor-widget-n-accordion\" data-id=\"154700b\" data-element_type=\"widget\" data-e-type=\"widget\" data-settings=\"{&quot;default_state&quot;:&quot;expanded&quot;,&quot;max_items_expended&quot;:&quot;one&quot;,&quot;n_accordion_animation_duration&quot;:{&quot;unit&quot;:&quot;ms&quot;,&quot;size&quot;:400,&quot;sizes&quot;:[]}}\" data-widget_type=\"nested-accordion.default\">\n\t\t\t\t<div class=\"elementor-widget-container\">\n\t\t\t\t\t\t\t<div class=\"e-n-accordion\" aria-label=\"Akkordeon. \u00d6ffnen Sie Links mit Enter oder Space, schlie\u00dfen Sie sie mit Escape und navigieren Sie mit den Pfeiltasten.\">\n\t\t\t\t\t\t<details id=\"e-n-accordion-item-2230\" class=\"e-n-accordion-item\" open>\n\t\t\t\t<summary class=\"e-n-accordion-item-title\" data-accordion-index=\"1\" tabindex=\"0\" aria-expanded=\"true\" aria-controls=\"e-n-accordion-item-2230\" >\n\t\t\t\t\t<span class='e-n-accordion-item-title-header'><div class=\"e-n-accordion-item-title-text\">  Schritt 1: \u00dcbersicht Einkaufskorb <\/div><\/span>\n\t\t\t\t\t\t\t<span class='e-n-accordion-item-title-icon'>\n\t\t\t<span class='e-opened' ><svg aria-hidden=\"true\" class=\"e-font-icon-svg e-fas-minus\" viewbox=\"0 0 448 512\" xmlns=\"http:\/\/www.w3.org\/2000\/svg\"><path d=\"M416 208H32c-17.67 0-32 14.33-32 32v32c0 17.67 14.33 32 32 32h384c17.67 0 32-14.33 32-32v-32c0-17.67-14.33-32-32-32z\"><\/path><\/svg><\/span>\n\t\t\t<span class='e-closed'><svg aria-hidden=\"true\" class=\"e-font-icon-svg e-fas-plus\" viewbox=\"0 0 448 512\" xmlns=\"http:\/\/www.w3.org\/2000\/svg\"><path d=\"M416 208H272V64c0-17.67-14.33-32-32-32h-32c-17.67 0-32 14.33-32 32v144H32c-17.67 0-32 14.33-32 32v32c0 17.67 14.33 32 32 32h144v144c0 17.67 14.33 32 32 32h32c17.67 0 32-14.33 32-32V304h144c17.67 0 32-14.33 32-32v-32c0-17.67-14.33-32-32-32z\"><\/path><\/svg><\/span>\n\t\t<\/span>\n\n\t\t\t\t\t\t<\/summary>\n\t\t\t\t<div role=\"region\" aria-labelledby=\"e-n-accordion-item-2230\" class=\"elementor-element elementor-element-9a5f977 e-con-full e-flex e-con e-child\" data-id=\"9a5f977\" data-element_type=\"container\" data-e-type=\"container\">\n\t\t\t\t<div class=\"elementor-element elementor-element-d6e6b41 elementor-widget-mobile__width-initial elementor-widget elementor-widget-text-editor\" data-id=\"d6e6b41\" data-element_type=\"widget\" data-e-type=\"widget\" data-widget_type=\"text-editor.default\">\n\t\t\t\t<div class=\"elementor-widget-container\">\n\t\t\t\t\t\t\t\t\t<div class=\"fusion-text fusion-text-1\"><p>Nach dem Anklicken der Schaltfl\u00e4che In den Warenkorb gelangen Sie zur Warenkorb\u00fcbersicht. Hier erhalten Sie einen \u00dcberblick \u00fcber die Produkte, die Sie bestellen m\u00f6chten. \u00dcberpr\u00fcfen und\/oder \u00e4ndern Sie die Produkte und Mengen und klicken Sie auf \"Weiter zur Kasse\".<\/p><\/div>\t\t\t\t\t\t\t\t<\/div>\n\t\t\t\t<\/div>\n\t\t\t\t<\/div>\n\t\t\t\t\t<\/details>\n\t\t\t\t\t\t<details id=\"e-n-accordion-item-2231\" class=\"e-n-accordion-item\" >\n\t\t\t\t<summary class=\"e-n-accordion-item-title\" data-accordion-index=\"2\" tabindex=\"-1\" aria-expanded=\"false\" aria-controls=\"e-n-accordion-item-2231\" >\n\t\t\t\t\t<span class='e-n-accordion-item-title-header'><div class=\"e-n-accordion-item-title-text\">  Schritt 2: Pers\u00f6nliche Daten <\/div><\/span>\n\t\t\t\t\t\t\t<span class='e-n-accordion-item-title-icon'>\n\t\t\t<span class='e-opened' ><svg aria-hidden=\"true\" class=\"e-font-icon-svg e-fas-minus\" viewbox=\"0 0 448 512\" xmlns=\"http:\/\/www.w3.org\/2000\/svg\"><path d=\"M416 208H32c-17.67 0-32 14.33-32 32v32c0 17.67 14.33 32 32 32h384c17.67 0 32-14.33 32-32v-32c0-17.67-14.33-32-32-32z\"><\/path><\/svg><\/span>\n\t\t\t<span class='e-closed'><svg aria-hidden=\"true\" class=\"e-font-icon-svg e-fas-plus\" viewbox=\"0 0 448 512\" xmlns=\"http:\/\/www.w3.org\/2000\/svg\"><path d=\"M416 208H272V64c0-17.67-14.33-32-32-32h-32c-17.67 0-32 14.33-32 32v144H32c-17.67 0-32 14.33-32 32v32c0 17.67 14.33 32 32 32h144v144c0 17.67 14.33 32 32 32h32c17.67 0 32-14.33 32-32V304h144c17.67 0 32-14.33 32-32v-32c0-17.67-14.33-32-32-32z\"><\/path><\/svg><\/span>\n\t\t<\/span>\n\n\t\t\t\t\t\t<\/summary>\n\t\t\t\t<div role=\"region\" aria-labelledby=\"e-n-accordion-item-2231\" class=\"elementor-element elementor-element-46e2799 e-con-full e-flex e-con e-child\" data-id=\"46e2799\" data-element_type=\"container\" data-e-type=\"container\">\n\t\t\t\t<div class=\"elementor-element elementor-element-e5934af elementor-widget-mobile__width-initial elementor-widget elementor-widget-text-editor\" data-id=\"e5934af\" data-element_type=\"widget\" data-e-type=\"widget\" data-widget_type=\"text-editor.default\">\n\t\t\t\t<div class=\"elementor-widget-container\">\n\t\t\t\t\t\t\t\t\t<div class=\"fusion-text fusion-text-1\"><div class=\"fusion-text fusion-text-1\"><p>In stap 2 kun je kiezen tussen betalen zonder registratie of met een nieuw of bestaand account. je vult hier jouw naam en adresgegevens in voor het verzenden van de bestelling. Je kunt een ander afleveradres kiezen. De gegevens worden alleen gebruikt voor verzending en als je hebt aangegeven dat je onze nieuwsbrief wilt ontvangen. Meer informatie hierover leest je in onze privacyverklaring.<\/p><\/div><\/div>\t\t\t\t\t\t\t\t<\/div>\n\t\t\t\t<\/div>\n\t\t\t\t<\/div>\n\t\t\t\t\t<\/details>\n\t\t\t\t\t\t<details id=\"e-n-accordion-item-2232\" class=\"e-n-accordion-item\" >\n\t\t\t\t<summary class=\"e-n-accordion-item-title\" data-accordion-index=\"3\" tabindex=\"-1\" aria-expanded=\"false\" aria-controls=\"e-n-accordion-item-2232\" >\n\t\t\t\t\t<span class='e-n-accordion-item-title-header'><div class=\"e-n-accordion-item-title-text\">  Schritt 3: Versandart und Zahlungsm\u00f6glichkeiten <\/div><\/span>\n\t\t\t\t\t\t\t<span class='e-n-accordion-item-title-icon'>\n\t\t\t<span class='e-opened' ><svg aria-hidden=\"true\" class=\"e-font-icon-svg e-fas-minus\" viewbox=\"0 0 448 512\" xmlns=\"http:\/\/www.w3.org\/2000\/svg\"><path d=\"M416 208H32c-17.67 0-32 14.33-32 32v32c0 17.67 14.33 32 32 32h384c17.67 0 32-14.33 32-32v-32c0-17.67-14.33-32-32-32z\"><\/path><\/svg><\/span>\n\t\t\t<span class='e-closed'><svg aria-hidden=\"true\" class=\"e-font-icon-svg e-fas-plus\" viewbox=\"0 0 448 512\" xmlns=\"http:\/\/www.w3.org\/2000\/svg\"><path d=\"M416 208H272V64c0-17.67-14.33-32-32-32h-32c-17.67 0-32 14.33-32 32v144H32c-17.67 0-32 14.33-32 32v32c0 17.67 14.33 32 32 32h144v144c0 17.67 14.33 32 32 32h32c17.67 0 32-14.33 32-32V304h144c17.67 0 32-14.33 32-32v-32c0-17.67-14.33-32-32-32z\"><\/path><\/svg><\/span>\n\t\t<\/span>\n\n\t\t\t\t\t\t<\/summary>\n\t\t\t\t<div role=\"region\" aria-labelledby=\"e-n-accordion-item-2232\" class=\"elementor-element elementor-element-323937d e-con-full e-flex e-con e-child\" data-id=\"323937d\" data-element_type=\"container\" data-e-type=\"container\">\n\t\t\t\t<div class=\"elementor-element elementor-element-ff0d665 elementor-widget-mobile__width-initial elementor-widget elementor-widget-text-editor\" data-id=\"ff0d665\" data-element_type=\"widget\" data-e-type=\"widget\" data-widget_type=\"text-editor.default\">\n\t\t\t\t<div class=\"elementor-widget-container\">\n\t\t\t\t\t\t\t\t\t<div class=\"fusion-text fusion-text-1\"><p>In diesem Schritt k\u00f6nnen Sie die Abholoption w\u00e4hlen (wenn Sie das Produkt in unserem B\u00fcro in Groenlo abholen oder wir mit Ihnen eine Vereinbarung \u00fcber einen kostenlosen Versand getroffen haben).<\/p><p>Auch hier haben Sie die Wahl zwischen verschiedenen Zahlungsm\u00f6glichkeiten.<\/p><p>* IDEAL<br \/>* Bank\u00fcberweisung (die \u00dcberweisung kann 1-2 Arbeitstage dauern)<br \/>* Kreditkarte<br \/>* Bancontact<\/p><\/div>\t\t\t\t\t\t\t\t<\/div>\n\t\t\t\t<\/div>\n\t\t\t\t<\/div>\n\t\t\t\t\t<\/details>\n\t\t\t\t\t\t<details id=\"e-n-accordion-item-2233\" class=\"e-n-accordion-item\" >\n\t\t\t\t<summary class=\"e-n-accordion-item-title\" data-accordion-index=\"4\" tabindex=\"-1\" aria-expanded=\"false\" aria-controls=\"e-n-accordion-item-2233\" >\n\t\t\t\t\t<span class='e-n-accordion-item-title-header'><div class=\"e-n-accordion-item-title-text\">  Schritt 4: Pr\u00fcfen Sie Ihre Bestellung <\/div><\/span>\n\t\t\t\t\t\t\t<span class='e-n-accordion-item-title-icon'>\n\t\t\t<span class='e-opened' ><svg aria-hidden=\"true\" class=\"e-font-icon-svg e-fas-minus\" viewbox=\"0 0 448 512\" xmlns=\"http:\/\/www.w3.org\/2000\/svg\"><path d=\"M416 208H32c-17.67 0-32 14.33-32 32v32c0 17.67 14.33 32 32 32h384c17.67 0 32-14.33 32-32v-32c0-17.67-14.33-32-32-32z\"><\/path><\/svg><\/span>\n\t\t\t<span class='e-closed'><svg aria-hidden=\"true\" class=\"e-font-icon-svg e-fas-plus\" viewbox=\"0 0 448 512\" xmlns=\"http:\/\/www.w3.org\/2000\/svg\"><path d=\"M416 208H272V64c0-17.67-14.33-32-32-32h-32c-17.67 0-32 14.33-32 32v144H32c-17.67 0-32 14.33-32 32v32c0 17.67 14.33 32 32 32h144v144c0 17.67 14.33 32 32 32h32c17.67 0 32-14.33 32-32V304h144c17.67 0 32-14.33 32-32v-32c0-17.67-14.33-32-32-32z\"><\/path><\/svg><\/span>\n\t\t<\/span>\n\n\t\t\t\t\t\t<\/summary>\n\t\t\t\t<div role=\"region\" aria-labelledby=\"e-n-accordion-item-2233\" class=\"elementor-element elementor-element-1c307b3 e-con-full e-flex e-con e-child\" data-id=\"1c307b3\" data-element_type=\"container\" data-e-type=\"container\">\n\t\t\t\t<div class=\"elementor-element elementor-element-797a70a elementor-widget-mobile__width-initial elementor-widget elementor-widget-text-editor\" data-id=\"797a70a\" data-element_type=\"widget\" data-e-type=\"widget\" data-widget_type=\"text-editor.default\">\n\t\t\t\t<div class=\"elementor-widget-container\">\n\t\t\t\t\t\t\t\t\t<div class=\"fusion-text fusion-text-1\"><p>Sind die eingegebenen Daten und die Bestellung korrekt? Dann k\u00f6nnen Sie die\u00a0<a href=\"https:\/\/mastichorse.nl\/wp-content\/uploads\/2021\/02\/Algemene-Voorwaarden-Integra-International-definitief-versie-februari-2021.pdf\">Bedingungen und Konditionen<\/a>\u00a0akzeptieren und dann auf die Schaltfl\u00e4che Bestellung aufgeben klicken.<\/p><p>Sie werden dann mit der von Ihnen gew\u00e4hlten Zahlungsmethode verkn\u00fcpft. Wenn Sie eine falsche Auswahl angeklickt haben und sich f\u00fcr eine andere Option entscheiden wollen, verschwinden Ihre Daten aus dem Warenkorb. Die Bestellung ist jedoch bei uns eingegangen. F\u00fcr die weitere Bearbeitung kontaktieren Sie uns bitte unter der Telefonnummer 0544-462477.<\/p><\/div>\t\t\t\t\t\t\t\t<\/div>\n\t\t\t\t<\/div>\n\t\t\t\t<\/div>\n\t\t\t\t\t<\/details>\n\t\t\t\t\t\t<details id=\"e-n-accordion-item-2234\" class=\"e-n-accordion-item\" >\n\t\t\t\t<summary class=\"e-n-accordion-item-title\" data-accordion-index=\"5\" tabindex=\"-1\" aria-expanded=\"false\" aria-controls=\"e-n-accordion-item-2234\" >\n\t\t\t\t\t<span class='e-n-accordion-item-title-header'><div class=\"e-n-accordion-item-title-text\">  Schritt 5: Versenden <\/div><\/span>\n\t\t\t\t\t\t\t<span class='e-n-accordion-item-title-icon'>\n\t\t\t<span class='e-opened' ><svg aria-hidden=\"true\" class=\"e-font-icon-svg e-fas-minus\" viewbox=\"0 0 448 512\" xmlns=\"http:\/\/www.w3.org\/2000\/svg\"><path d=\"M416 208H32c-17.67 0-32 14.33-32 32v32c0 17.67 14.33 32 32 32h384c17.67 0 32-14.33 32-32v-32c0-17.67-14.33-32-32-32z\"><\/path><\/svg><\/span>\n\t\t\t<span class='e-closed'><svg aria-hidden=\"true\" class=\"e-font-icon-svg e-fas-plus\" viewbox=\"0 0 448 512\" xmlns=\"http:\/\/www.w3.org\/2000\/svg\"><path d=\"M416 208H272V64c0-17.67-14.33-32-32-32h-32c-17.67 0-32 14.33-32 32v144H32c-17.67 0-32 14.33-32 32v32c0 17.67 14.33 32 32 32h144v144c0 17.67 14.33 32 32 32h32c17.67 0 32-14.33 32-32V304h144c17.67 0 32-14.33 32-32v-32c0-17.67-14.33-32-32-32z\"><\/path><\/svg><\/span>\n\t\t<\/span>\n\n\t\t\t\t\t\t<\/summary>\n\t\t\t\t<div role=\"region\" aria-labelledby=\"e-n-accordion-item-2234\" class=\"elementor-element elementor-element-128a8d9 e-con-full e-flex e-con e-child\" data-id=\"128a8d9\" data-element_type=\"container\" data-e-type=\"container\">\n\t\t\t\t<div class=\"elementor-element elementor-element-14b9d05 elementor-widget-mobile__width-initial elementor-widget elementor-widget-text-editor\" data-id=\"14b9d05\" data-element_type=\"widget\" data-e-type=\"widget\" data-widget_type=\"text-editor.default\">\n\t\t\t\t<div class=\"elementor-widget-container\">\n\t\t\t\t\t\t\t\t\t<div class=\"fusion-text fusion-text-1\"><p>Sobald Ihre Bestellung abgeschlossen ist, erhalten Sie von uns eine Best\u00e4tigung und wir beginnen mit der Arbeit f\u00fcr Sie. Wir pr\u00fcfen den Zahlungseingang, und wenn wir ihn erhalten haben, versenden wir Ihre Bestellung.<\/p><\/div>\t\t\t\t\t\t\t\t<\/div>\n\t\t\t\t<\/div>\n\t\t\t\t<\/div>\n\t\t\t\t\t<\/details>\n\t\t\t\t\t\t<details id=\"e-n-accordion-item-2235\" class=\"e-n-accordion-item\" >\n\t\t\t\t<summary class=\"e-n-accordion-item-title\" data-accordion-index=\"6\" tabindex=\"-1\" aria-expanded=\"false\" aria-controls=\"e-n-accordion-item-2235\" >\n\t\t\t\t\t<span class='e-n-accordion-item-title-header'><div class=\"e-n-accordion-item-title-text\">  Kontakt <\/div><\/span>\n\t\t\t\t\t\t\t<span class='e-n-accordion-item-title-icon'>\n\t\t\t<span class='e-opened' ><svg aria-hidden=\"true\" class=\"e-font-icon-svg e-fas-minus\" viewbox=\"0 0 448 512\" xmlns=\"http:\/\/www.w3.org\/2000\/svg\"><path d=\"M416 208H32c-17.67 0-32 14.33-32 32v32c0 17.67 14.33 32 32 32h384c17.67 0 32-14.33 32-32v-32c0-17.67-14.33-32-32-32z\"><\/path><\/svg><\/span>\n\t\t\t<span class='e-closed'><svg aria-hidden=\"true\" class=\"e-font-icon-svg e-fas-plus\" viewbox=\"0 0 448 512\" xmlns=\"http:\/\/www.w3.org\/2000\/svg\"><path d=\"M416 208H272V64c0-17.67-14.33-32-32-32h-32c-17.67 0-32 14.33-32 32v144H32c-17.67 0-32 14.33-32 32v32c0 17.67 14.33 32 32 32h144v144c0 17.67 14.33 32 32 32h32c17.67 0 32-14.33 32-32V304h144c17.67 0 32-14.33 32-32v-32c0-17.67-14.33-32-32-32z\"><\/path><\/svg><\/span>\n\t\t<\/span>\n\n\t\t\t\t\t\t<\/summary>\n\t\t\t\t<div role=\"region\" aria-labelledby=\"e-n-accordion-item-2235\" class=\"elementor-element elementor-element-aac6c24 e-flex e-con-boxed e-con e-child\" data-id=\"aac6c24\" data-element_type=\"container\" data-e-type=\"container\">\n\t\t\t\t\t<div class=\"e-con-inner\">\n\t\t\t\t<div class=\"elementor-element elementor-element-e0e4119 elementor-widget-mobile__width-initial elementor-widget elementor-widget-text-editor\" data-id=\"e0e4119\" data-element_type=\"widget\" data-e-type=\"widget\" data-widget_type=\"text-editor.default\">\n\t\t\t\t<div class=\"elementor-widget-container\">\n\t\t\t\t\t\t\t\t\t<div class=\"fusion-text fusion-text-1\"><p>Wir stehen f\u00fcr kunden- und serviceorientierten Service. Wenn Sie Probleme mit Ihrer Bestellung oder Fragen haben, beraten wir Sie gerne. Bitte kontaktieren Sie uns \u00fcber <a href=\"mailto:info@mastichorse.nl\">info@mastichorse.nl<\/a> oder \u00fcber <a href=\"tel:0031544462477\">0544-462477<\/a>.<\/p><\/div>\t\t\t\t\t\t\t\t<\/div>\n\t\t\t\t<\/div>\n\t\t\t\t\t<\/div>\n\t\t\t\t<\/div>\n\t\t\t\t\t<\/details>\n\t\t\t\t\t<\/div>\n\t\t\t\t\t\t<\/div>\n\t\t\t\t<\/div>\n\t\t\t\t\t<\/div>\n\t\t\t\t<\/div>\n\t\t\t\t<\/div>","protected":false},"excerpt":{"rendered":"<p>Bestellen Heb je 1 of meerdere producten naar keuze gevonden? Dan kun je deze online bestellen. Op de productpagina klik je op de button in winkelwagen. Je gaat nu verder in ons bestelproces. Hieronder lees je de stappen die je vervolgens doorloopt. Stap 1: Overzicht winkelmand Nadat je op de button in winkelwagen hebt geklikt, [&hellip;]<\/p>\n","protected":false},"author":1,"featured_media":0,"parent":0,"menu_order":0,"comment_status":"closed","ping_status":"closed","template":"","meta":{"footnotes":""},"class_list":["post-192","page","type-page","status-publish","hentry"],"yoast_head":"<!-- This site is optimized with the Yoast SEO plugin v27.2 - https:\/\/yoast.com\/product\/yoast-seo-wordpress\/ -->\n<title>Bestelproces - Mastic Horse<\/title>\n<meta name=\"robots\" content=\"index, follow, max-snippet:-1, max-image-preview:large, max-video-preview:-1\" \/>\n<link rel=\"canonical\" href=\"https:\/\/mastichorse.nl\/de\/bestelproces\/\" \/>\n<meta property=\"og:locale\" content=\"de_DE\" \/>\n<meta property=\"og:type\" content=\"article\" \/>\n<meta property=\"og:title\" content=\"Bestelproces - Mastic Horse\" \/>\n<meta property=\"og:description\" content=\"Bestellen Heb je 1 of meerdere producten naar keuze gevonden? Dan kun je deze online bestellen. Op de productpagina klik je op de button in winkelwagen. Je gaat nu verder in ons bestelproces. Hieronder lees je de stappen die je vervolgens doorloopt. Stap 1: Overzicht winkelmand Nadat je op de button in winkelwagen hebt geklikt, [&hellip;]\" \/>\n<meta property=\"og:url\" content=\"https:\/\/mastichorse.nl\/de\/bestelproces\/\" \/>\n<meta property=\"og:site_name\" content=\"Mastic Horse\" \/>\n<meta property=\"article:modified_time\" content=\"2025-08-05T10:38:52+00:00\" \/>\n<meta name=\"twitter:card\" content=\"summary_large_image\" \/>\n<meta name=\"twitter:label1\" content=\"Gesch\u00e4tzte Lesezeit\" \/>\n\t<meta name=\"twitter:data1\" content=\"4\u00a0Minuten\" \/>\n<script type=\"application\/ld+json\" class=\"yoast-schema-graph\">{\"@context\":\"https:\/\/schema.org\",\"@graph\":[{\"@type\":\"WebPage\",\"@id\":\"https:\/\/mastichorse.nl\/bestelproces\/\",\"url\":\"https:\/\/mastichorse.nl\/bestelproces\/\",\"name\":\"Bestelproces - Mastic Horse\",\"isPartOf\":{\"@id\":\"https:\/\/mastichorse.nl\/#website\"},\"datePublished\":\"2025-04-15T13:29:13+00:00\",\"dateModified\":\"2025-08-05T10:38:52+00:00\",\"breadcrumb\":{\"@id\":\"https:\/\/mastichorse.nl\/bestelproces\/#breadcrumb\"},\"inLanguage\":\"de\",\"potentialAction\":[{\"@type\":\"ReadAction\",\"target\":[\"https:\/\/mastichorse.nl\/bestelproces\/\"]}]},{\"@type\":\"BreadcrumbList\",\"@id\":\"https:\/\/mastichorse.nl\/bestelproces\/#breadcrumb\",\"itemListElement\":[{\"@type\":\"ListItem\",\"position\":1,\"name\":\"Home\",\"item\":\"https:\/\/mastichorse.nl\/\"},{\"@type\":\"ListItem\",\"position\":2,\"name\":\"Bestelproces\"}]},{\"@type\":\"WebSite\",\"@id\":\"https:\/\/mastichorse.nl\/#website\",\"url\":\"https:\/\/mastichorse.nl\/\",\"name\":\"Mastic Horse\",\"description\":\"\",\"publisher\":{\"@id\":\"https:\/\/mastichorse.nl\/#organization\"},\"potentialAction\":[{\"@type\":\"SearchAction\",\"target\":{\"@type\":\"EntryPoint\",\"urlTemplate\":\"https:\/\/mastichorse.nl\/?s={search_term_string}\"},\"query-input\":{\"@type\":\"PropertyValueSpecification\",\"valueRequired\":true,\"valueName\":\"search_term_string\"}}],\"inLanguage\":\"de\"},{\"@type\":\"Organization\",\"@id\":\"https:\/\/mastichorse.nl\/#organization\",\"name\":\"Mastic Horse\",\"url\":\"https:\/\/mastichorse.nl\/\",\"logo\":{\"@type\":\"ImageObject\",\"inLanguage\":\"de\",\"@id\":\"https:\/\/mastichorse.nl\/#\/schema\/logo\/image\/\",\"url\":\"https:\/\/mastichorse.nl\/wp-content\/uploads\/2025\/04\/Mastic-Horse.webp\",\"contentUrl\":\"https:\/\/mastichorse.nl\/wp-content\/uploads\/2025\/04\/Mastic-Horse.webp\",\"width\":440,\"height\":104,\"caption\":\"Mastic Horse\"},\"image\":{\"@id\":\"https:\/\/mastichorse.nl\/#\/schema\/logo\/image\/\"}}]}<\/script>\n<!-- \/ Yoast SEO plugin. -->","yoast_head_json":{"title":"Bestelproces - Mastic Horse","robots":{"index":"index","follow":"follow","max-snippet":"max-snippet:-1","max-image-preview":"max-image-preview:large","max-video-preview":"max-video-preview:-1"},"canonical":"https:\/\/mastichorse.nl\/de\/bestelproces\/","og_locale":"de_DE","og_type":"article","og_title":"Bestelproces - Mastic Horse","og_description":"Bestellen Heb je 1 of meerdere producten naar keuze gevonden? Dan kun je deze online bestellen. Op de productpagina klik je op de button in winkelwagen. Je gaat nu verder in ons bestelproces. Hieronder lees je de stappen die je vervolgens doorloopt. Stap 1: Overzicht winkelmand Nadat je op de button in winkelwagen hebt geklikt, [&hellip;]","og_url":"https:\/\/mastichorse.nl\/de\/bestelproces\/","og_site_name":"Mastic Horse","article_modified_time":"2025-08-05T10:38:52+00:00","twitter_card":"summary_large_image","twitter_misc":{"Gesch\u00e4tzte Lesezeit":"4\u00a0Minuten"},"schema":{"@context":"https:\/\/schema.org","@graph":[{"@type":"WebPage","@id":"https:\/\/mastichorse.nl\/bestelproces\/","url":"https:\/\/mastichorse.nl\/bestelproces\/","name":"Bestelproces - Mastic Horse","isPartOf":{"@id":"https:\/\/mastichorse.nl\/#website"},"datePublished":"2025-04-15T13:29:13+00:00","dateModified":"2025-08-05T10:38:52+00:00","breadcrumb":{"@id":"https:\/\/mastichorse.nl\/bestelproces\/#breadcrumb"},"inLanguage":"de","potentialAction":[{"@type":"ReadAction","target":["https:\/\/mastichorse.nl\/bestelproces\/"]}]},{"@type":"BreadcrumbList","@id":"https:\/\/mastichorse.nl\/bestelproces\/#breadcrumb","itemListElement":[{"@type":"ListItem","position":1,"name":"Home","item":"https:\/\/mastichorse.nl\/"},{"@type":"ListItem","position":2,"name":"Bestelproces"}]},{"@type":"WebSite","@id":"https:\/\/mastichorse.nl\/#website","url":"https:\/\/mastichorse.nl\/","name":"Mastixpferd","description":"","publisher":{"@id":"https:\/\/mastichorse.nl\/#organization"},"potentialAction":[{"@type":"SearchAction","target":{"@type":"EntryPoint","urlTemplate":"https:\/\/mastichorse.nl\/?s={search_term_string}"},"query-input":{"@type":"PropertyValueSpecification","valueRequired":true,"valueName":"search_term_string"}}],"inLanguage":"de"},{"@type":"Organization","@id":"https:\/\/mastichorse.nl\/#organization","name":"Mastixpferd","url":"https:\/\/mastichorse.nl\/","logo":{"@type":"ImageObject","inLanguage":"de","@id":"https:\/\/mastichorse.nl\/#\/schema\/logo\/image\/","url":"https:\/\/mastichorse.nl\/wp-content\/uploads\/2025\/04\/Mastic-Horse.webp","contentUrl":"https:\/\/mastichorse.nl\/wp-content\/uploads\/2025\/04\/Mastic-Horse.webp","width":440,"height":104,"caption":"Mastic Horse"},"image":{"@id":"https:\/\/mastichorse.nl\/#\/schema\/logo\/image\/"}}]}},"_links":{"self":[{"href":"https:\/\/mastichorse.nl\/de\/wp-json\/wp\/v2\/pages\/192","targetHints":{"allow":["GET"]}}],"collection":[{"href":"https:\/\/mastichorse.nl\/de\/wp-json\/wp\/v2\/pages"}],"about":[{"href":"https:\/\/mastichorse.nl\/de\/wp-json\/wp\/v2\/types\/page"}],"author":[{"embeddable":true,"href":"https:\/\/mastichorse.nl\/de\/wp-json\/wp\/v2\/users\/1"}],"replies":[{"embeddable":true,"href":"https:\/\/mastichorse.nl\/de\/wp-json\/wp\/v2\/comments?post=192"}],"version-history":[{"count":23,"href":"https:\/\/mastichorse.nl\/de\/wp-json\/wp\/v2\/pages\/192\/revisions"}],"predecessor-version":[{"id":11535,"href":"https:\/\/mastichorse.nl\/de\/wp-json\/wp\/v2\/pages\/192\/revisions\/11535"}],"wp:attachment":[{"href":"https:\/\/mastichorse.nl\/de\/wp-json\/wp\/v2\/media?parent=192"}],"curies":[{"name":"wp","href":"https:\/\/api.w.org\/{rel}","templated":true}]}}