{"id":182,"date":"2025-04-15T13:22:45","date_gmt":"2025-04-15T13:22:45","guid":{"rendered":"https:\/\/mastichorse.213-249-69-234.plesk.page\/?page_id=182"},"modified":"2025-12-03T16:47:04","modified_gmt":"2025-12-03T15:47:04","slug":"ingredienten","status":"publish","type":"page","link":"https:\/\/mastichorse.nl\/de\/ingredienten\/","title":{"rendered":"Inhaltsstoffe"},"content":{"rendered":"<div data-elementor-type=\"wp-page\" data-elementor-id=\"182\" class=\"elementor elementor-182\" data-elementor-post-type=\"page\">\n\t\t\t\t<div class=\"elementor-element elementor-element-ca53b21 e-flex e-con-boxed e-con e-parent\" data-id=\"ca53b21\" data-element_type=\"container\" data-e-type=\"container\" data-settings=\"{&quot;background_background&quot;:&quot;gradient&quot;}\">\n\t\t\t\t\t<div class=\"e-con-inner\">\n\t\t<div class=\"elementor-element elementor-element-959902b e-con-full e-flex e-con e-child\" data-id=\"959902b\" data-element_type=\"container\" data-e-type=\"container\" data-settings=\"{&quot;background_background&quot;:&quot;classic&quot;}\">\n\t\t\t\t<div class=\"elementor-element elementor-element-661dfc7 elementor-widget elementor-widget-heading\" data-id=\"661dfc7\" data-element_type=\"widget\" data-e-type=\"widget\" data-widget_type=\"heading.default\">\n\t\t\t\t<div class=\"elementor-widget-container\">\n\t\t\t\t\t<h2 class=\"elementor-heading-title elementor-size-default\">Was ist Chios-Mastix?<\/h2>\t\t\t\t<\/div>\n\t\t\t\t<\/div>\n\t\t\t\t<div class=\"elementor-element elementor-element-01733fe elementor-widget-mobile__width-initial elementor-widget elementor-widget-text-editor\" data-id=\"01733fe\" data-element_type=\"widget\" data-e-type=\"widget\" data-widget_type=\"text-editor.default\">\n\t\t\t\t<div class=\"elementor-widget-container\">\n\t\t\t\t\t\t\t\t\t<div class=\"fusion-text fusion-text-1\"><p>Mastiek is de natuurlijke hars van de boom Pistacia Lentiscus Chia. Deze boomsoort groeit alleen op het Griekse eiland Chios. Al sinds de Oudheid wordt de hars gebruikt door de positieve invloed van de Mastiek op de gezondheid bij mensen.<\/p><\/div>\t\t\t\t\t\t\t\t<\/div>\n\t\t\t\t<\/div>\n\t\t\t\t<div class=\"elementor-element elementor-element-33a30db elementor-widget elementor-widget-heading\" data-id=\"33a30db\" data-element_type=\"widget\" data-e-type=\"widget\" data-widget_type=\"heading.default\">\n\t\t\t\t<div class=\"elementor-widget-container\">\n\t\t\t\t\t<h1 class=\"elementor-heading-title elementor-size-default\">Mastiek als paardensupplement<\/h1>\t\t\t\t<\/div>\n\t\t\t\t<\/div>\n\t\t\t\t<div class=\"elementor-element elementor-element-b941662 elementor-widget-mobile__width-initial elementor-widget elementor-widget-text-editor\" data-id=\"b941662\" data-element_type=\"widget\" data-e-type=\"widget\" data-widget_type=\"text-editor.default\">\n\t\t\t\t<div class=\"elementor-widget-container\">\n\t\t\t\t\t\t\t\t\t<div class=\"fusion-text fusion-text-1\"><p>Steeds meer paardeneigenaren kiezen voor mastiek als een puur, plantaardig supplement dat het natuurlijke evenwicht in de maag ondersteunt. De hars staat bekend om de beschermende werking op de maagwand zonder daarbij de pH waarde in de maag te be\u00efnvloeden. Hierdoor kan mastiek helpen om het welzijn van het paard te bevorderen, vooral in periodes van intensieve training, wisselende voeding of spanning.\u00a0<\/p><p>\u00a0<\/p><p>\u00a0<\/p><\/div>\t\t\t\t\t\t\t\t<\/div>\n\t\t\t\t<\/div>\n\t\t\t\t<\/div>\n\t\t<div class=\"elementor-element elementor-element-5270046 e-con-full e-flex e-con e-child\" data-id=\"5270046\" data-element_type=\"container\" data-e-type=\"container\">\n\t\t\t\t<div class=\"elementor-element elementor-element-cd343aa elementor-widget elementor-widget-image\" data-id=\"cd343aa\" data-element_type=\"widget\" data-e-type=\"widget\" data-widget_type=\"image.default\">\n\t\t\t\t<div class=\"elementor-widget-container\">\n\t\t\t\t\t\t\t\t\t\t\t\t\t\t\t<img fetchpriority=\"high\" decoding=\"async\" width=\"573\" height=\"860\" src=\"https:\/\/mastichorse.nl\/wp-content\/uploads\/2025\/04\/Pistacia-Lentiscus-Chia.webp\" class=\"attachment-full size-full wp-image-292\" alt=\"\" srcset=\"https:\/\/mastichorse.nl\/wp-content\/uploads\/2025\/04\/Pistacia-Lentiscus-Chia.webp 573w, https:\/\/mastichorse.nl\/wp-content\/uploads\/2025\/04\/Pistacia-Lentiscus-Chia-200x300.webp 200w\" sizes=\"(max-width: 573px) 100vw, 573px\" \/>\t\t\t\t\t\t\t\t\t\t\t\t\t\t\t<\/div>\n\t\t\t\t<\/div>\n\t\t\t\t<\/div>\n\t\t\t\t\t<\/div>\n\t\t\t\t<\/div>\n\t\t<div class=\"elementor-element elementor-element-e74e4de e-flex e-con-boxed e-con e-parent\" data-id=\"e74e4de\" data-element_type=\"container\" data-e-type=\"container\" data-settings=\"{&quot;background_background&quot;:&quot;classic&quot;}\">\n\t\t\t\t\t<div class=\"e-con-inner\">\n\t\t<div class=\"elementor-element elementor-element-fa164c8 e-con-full e-flex e-con e-child\" data-id=\"fa164c8\" data-element_type=\"container\" data-e-type=\"container\" data-settings=\"{&quot;background_background&quot;:&quot;classic&quot;}\">\n\t\t\t\t<div class=\"elementor-element elementor-element-9600c64 elementor-widget elementor-widget-image\" data-id=\"9600c64\" data-element_type=\"widget\" data-e-type=\"widget\" data-widget_type=\"image.default\">\n\t\t\t\t<div class=\"elementor-widget-container\">\n\t\t\t\t\t\t\t\t\t\t\t\t\t\t\t<img decoding=\"async\" width=\"800\" height=\"359\" src=\"https:\/\/mastichorse.nl\/wp-content\/uploads\/2025\/04\/Cichorei-wortel.webp\" class=\"attachment-full size-full wp-image-293\" alt=\"\" srcset=\"https:\/\/mastichorse.nl\/wp-content\/uploads\/2025\/04\/Cichorei-wortel.webp 800w, https:\/\/mastichorse.nl\/wp-content\/uploads\/2025\/04\/Cichorei-wortel-600x269.webp 600w, https:\/\/mastichorse.nl\/wp-content\/uploads\/2025\/04\/Cichorei-wortel-300x135.webp 300w, https:\/\/mastichorse.nl\/wp-content\/uploads\/2025\/04\/Cichorei-wortel-768x345.webp 768w\" sizes=\"(max-width: 800px) 100vw, 800px\" \/>\t\t\t\t\t\t\t\t\t\t\t\t\t\t\t<\/div>\n\t\t\t\t<\/div>\n\t\t\t\t<\/div>\n\t\t<div class=\"elementor-element elementor-element-4ca014d e-con-full e-flex e-con e-child\" data-id=\"4ca014d\" data-element_type=\"container\" data-e-type=\"container\">\n\t\t\t\t<div class=\"elementor-element elementor-element-4ad054a elementor-widget elementor-widget-heading\" data-id=\"4ad054a\" data-element_type=\"widget\" data-e-type=\"widget\" data-widget_type=\"heading.default\">\n\t\t\t\t<div class=\"elementor-widget-container\">\n\t\t\t\t\t<h2 class=\"elementor-heading-title elementor-size-default\">Was ist Inulin?<\/h2>\t\t\t\t<\/div>\n\t\t\t\t<\/div>\n\t\t\t\t<div class=\"elementor-element elementor-element-1e0e695 elementor-widget-mobile__width-initial elementor-widget elementor-widget-text-editor\" data-id=\"1e0e695\" data-element_type=\"widget\" data-e-type=\"widget\" data-widget_type=\"text-editor.default\">\n\t\t\t\t<div class=\"elementor-widget-container\">\n\t\t\t\t\t\t\t\t\t<div class=\"fusion-text fusion-text-1\"><p>Inuline is een oplosbare vezel van de cichorei wortel. Inuline is een prebioticum, het \u2018voedsel\u2019 van nuttige bacteri\u00ebn. Het helpt de nuttige bacteri\u00ebn niet alleen bij de ontwikkeling, maar helpt ook om het spijsverteringsstelsel effici\u00ebnter te laten werken. Dit zorgt op zijn beurt weer voor een beter evenwicht van de darmflora, de vitale factor van een gezond spijsverteringsstelsel. Samengevat ondersteunt inuline de normale darmfunctie.<\/p><\/div>\t\t\t\t\t\t\t\t<\/div>\n\t\t\t\t<\/div>\n\t\t\t\t<\/div>\n\t\t\t\t\t<\/div>\n\t\t\t\t<\/div>\n\t\t\t\t<\/div>","protected":false},"excerpt":{"rendered":"<p>Wat is Chios Mastiek? Mastiek is de natuurlijke hars van de boom Pistacia Lentiscus Chia. Deze boomsoort groeit alleen op het Griekse eiland Chios. Al sinds de Oudheid wordt de hars gebruikt door de positieve invloed van de Mastiek op de gezondheid bij mensen. Mastiek als paardensupplement Steeds meer paardeneigenaren kiezen voor mastiek als een [&hellip;]<\/p>\n","protected":false},"author":1,"featured_media":0,"parent":0,"menu_order":0,"comment_status":"closed","ping_status":"closed","template":"","meta":{"footnotes":""},"class_list":["post-182","page","type-page","status-publish","hentry"],"yoast_head":"<!-- This site is optimized with the Yoast SEO plugin v27.2 - https:\/\/yoast.com\/product\/yoast-seo-wordpress\/ -->\n<title>Ingredi\u00ebnten - Mastic Horse<\/title>\n<meta name=\"robots\" content=\"index, follow, max-snippet:-1, max-image-preview:large, max-video-preview:-1\" \/>\n<link rel=\"canonical\" href=\"https:\/\/mastichorse.nl\/de\/ingredienten\/\" \/>\n<meta property=\"og:locale\" content=\"de_DE\" \/>\n<meta property=\"og:type\" content=\"article\" \/>\n<meta property=\"og:title\" content=\"Ingredi\u00ebnten - Mastic Horse\" \/>\n<meta property=\"og:description\" content=\"Wat is Chios Mastiek? Mastiek is de natuurlijke hars van de boom Pistacia Lentiscus Chia. Deze boomsoort groeit alleen op het Griekse eiland Chios. Al sinds de Oudheid wordt de hars gebruikt door de positieve invloed van de Mastiek op de gezondheid bij mensen. Mastiek als paardensupplement Steeds meer paardeneigenaren kiezen voor mastiek als een [&hellip;]\" \/>\n<meta property=\"og:url\" content=\"https:\/\/mastichorse.nl\/de\/ingredienten\/\" \/>\n<meta property=\"og:site_name\" content=\"Mastic Horse\" \/>\n<meta property=\"article:modified_time\" content=\"2025-12-03T15:47:04+00:00\" \/>\n<meta property=\"og:image\" content=\"https:\/\/mastichorse.nl\/wp-content\/uploads\/2025\/04\/Pistacia-Lentiscus-Chia.webp\" \/>\n\t<meta property=\"og:image:width\" content=\"573\" \/>\n\t<meta property=\"og:image:height\" content=\"860\" \/>\n\t<meta property=\"og:image:type\" content=\"image\/webp\" \/>\n<meta name=\"twitter:card\" content=\"summary_large_image\" \/>\n<meta name=\"twitter:label1\" content=\"Gesch\u00e4tzte Lesezeit\" \/>\n\t<meta name=\"twitter:data1\" content=\"2\u00a0Minuten\" \/>\n<script type=\"application\/ld+json\" class=\"yoast-schema-graph\">{\"@context\":\"https:\/\/schema.org\",\"@graph\":[{\"@type\":\"WebPage\",\"@id\":\"https:\/\/mastichorse.nl\/ingredienten\/\",\"url\":\"https:\/\/mastichorse.nl\/ingredienten\/\",\"name\":\"Ingredi\u00ebnten - Mastic Horse\",\"isPartOf\":{\"@id\":\"https:\/\/mastichorse.nl\/#website\"},\"primaryImageOfPage\":{\"@id\":\"https:\/\/mastichorse.nl\/ingredienten\/#primaryimage\"},\"image\":{\"@id\":\"https:\/\/mastichorse.nl\/ingredienten\/#primaryimage\"},\"thumbnailUrl\":\"https:\/\/mastichorse.nl\/wp-content\/uploads\/2025\/04\/Pistacia-Lentiscus-Chia.webp\",\"datePublished\":\"2025-04-15T13:22:45+00:00\",\"dateModified\":\"2025-12-03T15:47:04+00:00\",\"breadcrumb\":{\"@id\":\"https:\/\/mastichorse.nl\/ingredienten\/#breadcrumb\"},\"inLanguage\":\"de\",\"potentialAction\":[{\"@type\":\"ReadAction\",\"target\":[\"https:\/\/mastichorse.nl\/ingredienten\/\"]}]},{\"@type\":\"ImageObject\",\"inLanguage\":\"de\",\"@id\":\"https:\/\/mastichorse.nl\/ingredienten\/#primaryimage\",\"url\":\"https:\/\/mastichorse.nl\/wp-content\/uploads\/2025\/04\/Pistacia-Lentiscus-Chia.webp\",\"contentUrl\":\"https:\/\/mastichorse.nl\/wp-content\/uploads\/2025\/04\/Pistacia-Lentiscus-Chia.webp\"},{\"@type\":\"BreadcrumbList\",\"@id\":\"https:\/\/mastichorse.nl\/ingredienten\/#breadcrumb\",\"itemListElement\":[{\"@type\":\"ListItem\",\"position\":1,\"name\":\"Home\",\"item\":\"https:\/\/mastichorse.nl\/\"},{\"@type\":\"ListItem\",\"position\":2,\"name\":\"Ingredi\u00ebnten\"}]},{\"@type\":\"WebSite\",\"@id\":\"https:\/\/mastichorse.nl\/#website\",\"url\":\"https:\/\/mastichorse.nl\/\",\"name\":\"Mastic Horse\",\"description\":\"\",\"publisher\":{\"@id\":\"https:\/\/mastichorse.nl\/#organization\"},\"potentialAction\":[{\"@type\":\"SearchAction\",\"target\":{\"@type\":\"EntryPoint\",\"urlTemplate\":\"https:\/\/mastichorse.nl\/?s={search_term_string}\"},\"query-input\":{\"@type\":\"PropertyValueSpecification\",\"valueRequired\":true,\"valueName\":\"search_term_string\"}}],\"inLanguage\":\"de\"},{\"@type\":\"Organization\",\"@id\":\"https:\/\/mastichorse.nl\/#organization\",\"name\":\"Mastic Horse\",\"url\":\"https:\/\/mastichorse.nl\/\",\"logo\":{\"@type\":\"ImageObject\",\"inLanguage\":\"de\",\"@id\":\"https:\/\/mastichorse.nl\/#\/schema\/logo\/image\/\",\"url\":\"https:\/\/mastichorse.nl\/wp-content\/uploads\/2025\/04\/Mastic-Horse.webp\",\"contentUrl\":\"https:\/\/mastichorse.nl\/wp-content\/uploads\/2025\/04\/Mastic-Horse.webp\",\"width\":440,\"height\":104,\"caption\":\"Mastic Horse\"},\"image\":{\"@id\":\"https:\/\/mastichorse.nl\/#\/schema\/logo\/image\/\"}}]}<\/script>\n<!-- \/ Yoast SEO plugin. -->","yoast_head_json":{"title":"Ingredi\u00ebnten - Mastic Horse","robots":{"index":"index","follow":"follow","max-snippet":"max-snippet:-1","max-image-preview":"max-image-preview:large","max-video-preview":"max-video-preview:-1"},"canonical":"https:\/\/mastichorse.nl\/de\/ingredienten\/","og_locale":"de_DE","og_type":"article","og_title":"Ingredi\u00ebnten - Mastic Horse","og_description":"Wat is Chios Mastiek? Mastiek is de natuurlijke hars van de boom Pistacia Lentiscus Chia. Deze boomsoort groeit alleen op het Griekse eiland Chios. Al sinds de Oudheid wordt de hars gebruikt door de positieve invloed van de Mastiek op de gezondheid bij mensen. Mastiek als paardensupplement Steeds meer paardeneigenaren kiezen voor mastiek als een [&hellip;]","og_url":"https:\/\/mastichorse.nl\/de\/ingredienten\/","og_site_name":"Mastic Horse","article_modified_time":"2025-12-03T15:47:04+00:00","og_image":[{"width":573,"height":860,"url":"https:\/\/mastichorse.nl\/wp-content\/uploads\/2025\/04\/Pistacia-Lentiscus-Chia.webp","type":"image\/webp"}],"twitter_card":"summary_large_image","twitter_misc":{"Gesch\u00e4tzte Lesezeit":"2\u00a0Minuten"},"schema":{"@context":"https:\/\/schema.org","@graph":[{"@type":"WebPage","@id":"https:\/\/mastichorse.nl\/ingredienten\/","url":"https:\/\/mastichorse.nl\/ingredienten\/","name":"Ingredi\u00ebnten - Mastic Horse","isPartOf":{"@id":"https:\/\/mastichorse.nl\/#website"},"primaryImageOfPage":{"@id":"https:\/\/mastichorse.nl\/ingredienten\/#primaryimage"},"image":{"@id":"https:\/\/mastichorse.nl\/ingredienten\/#primaryimage"},"thumbnailUrl":"https:\/\/mastichorse.nl\/wp-content\/uploads\/2025\/04\/Pistacia-Lentiscus-Chia.webp","datePublished":"2025-04-15T13:22:45+00:00","dateModified":"2025-12-03T15:47:04+00:00","breadcrumb":{"@id":"https:\/\/mastichorse.nl\/ingredienten\/#breadcrumb"},"inLanguage":"de","potentialAction":[{"@type":"ReadAction","target":["https:\/\/mastichorse.nl\/ingredienten\/"]}]},{"@type":"ImageObject","inLanguage":"de","@id":"https:\/\/mastichorse.nl\/ingredienten\/#primaryimage","url":"https:\/\/mastichorse.nl\/wp-content\/uploads\/2025\/04\/Pistacia-Lentiscus-Chia.webp","contentUrl":"https:\/\/mastichorse.nl\/wp-content\/uploads\/2025\/04\/Pistacia-Lentiscus-Chia.webp"},{"@type":"BreadcrumbList","@id":"https:\/\/mastichorse.nl\/ingredienten\/#breadcrumb","itemListElement":[{"@type":"ListItem","position":1,"name":"Home","item":"https:\/\/mastichorse.nl\/"},{"@type":"ListItem","position":2,"name":"Ingredi\u00ebnten"}]},{"@type":"WebSite","@id":"https:\/\/mastichorse.nl\/#website","url":"https:\/\/mastichorse.nl\/","name":"Mastixpferd","description":"","publisher":{"@id":"https:\/\/mastichorse.nl\/#organization"},"potentialAction":[{"@type":"SearchAction","target":{"@type":"EntryPoint","urlTemplate":"https:\/\/mastichorse.nl\/?s={search_term_string}"},"query-input":{"@type":"PropertyValueSpecification","valueRequired":true,"valueName":"search_term_string"}}],"inLanguage":"de"},{"@type":"Organization","@id":"https:\/\/mastichorse.nl\/#organization","name":"Mastixpferd","url":"https:\/\/mastichorse.nl\/","logo":{"@type":"ImageObject","inLanguage":"de","@id":"https:\/\/mastichorse.nl\/#\/schema\/logo\/image\/","url":"https:\/\/mastichorse.nl\/wp-content\/uploads\/2025\/04\/Mastic-Horse.webp","contentUrl":"https:\/\/mastichorse.nl\/wp-content\/uploads\/2025\/04\/Mastic-Horse.webp","width":440,"height":104,"caption":"Mastic Horse"},"image":{"@id":"https:\/\/mastichorse.nl\/#\/schema\/logo\/image\/"}}]}},"_links":{"self":[{"href":"https:\/\/mastichorse.nl\/de\/wp-json\/wp\/v2\/pages\/182","targetHints":{"allow":["GET"]}}],"collection":[{"href":"https:\/\/mastichorse.nl\/de\/wp-json\/wp\/v2\/pages"}],"about":[{"href":"https:\/\/mastichorse.nl\/de\/wp-json\/wp\/v2\/types\/page"}],"author":[{"embeddable":true,"href":"https:\/\/mastichorse.nl\/de\/wp-json\/wp\/v2\/users\/1"}],"replies":[{"embeddable":true,"href":"https:\/\/mastichorse.nl\/de\/wp-json\/wp\/v2\/comments?post=182"}],"version-history":[{"count":19,"href":"https:\/\/mastichorse.nl\/de\/wp-json\/wp\/v2\/pages\/182\/revisions"}],"predecessor-version":[{"id":11249,"href":"https:\/\/mastichorse.nl\/de\/wp-json\/wp\/v2\/pages\/182\/revisions\/11249"}],"wp:attachment":[{"href":"https:\/\/mastichorse.nl\/de\/wp-json\/wp\/v2\/media?parent=182"}],"curies":[{"name":"wp","href":"https:\/\/api.w.org\/{rel}","templated":true}]}}